{"id":8953,"date":"2022-01-23T11:01:09","date_gmt":"2022-01-23T11:01:09","guid":{"rendered":"http:\/\/everdienbreken.org\/NL_MIX\/?page_id=8953"},"modified":"2025-12-29T16:40:31","modified_gmt":"2025-12-29T16:40:31","slug":"mix-waarom","status":"publish","type":"page","link":"https:\/\/everdienbreken.org\/NL_MIX\/?page_id=8953","title":{"rendered":"Mix waarom?"},"content":{"rendered":"\n<p>Ruimtelijke ordening in Nederland heeft een lange voorgeschiedenis en is diep verankerd in de Nederlandse cultuur. Generatie na generatie ging \u2018de schop erin\u2019: bedijken, pompen, droogleggen, verkavelen, reguleren, bewonen en bewerken. Het onderliggende uitgangspunt was \u2013 en is \u2013 dat het Nederlandse landschap plastisch is: het land kan vanzelfsprekend gemaakt en hermaakt worden.<\/p>\n\n\n\n<p>Deze maakbaarheidsgedachte is zo ingeburgerd dat zij vrijwel onzichtbaar is geworden. Tegelijk vormt zij een diepgeworteld paradigma: een manier van kijken, denken en handelen van waaruit in Nederland besluiten over ruimte, natuur en toekomst worden genomen.<\/p>\n\n\n\n<p>In de afgelopen jaren zijn de ruimtelijke spanningen toegenomen. Een nijpend woningtekort, een ingrijpende energietransitie, de roep om nieuwe natuur en biodiversiteitsherstel, groeiende infrastructuur, leegloop van de periferie en bodemdaling door bemaling terwijl de zeespiegel stijgt: het zijn ruimteclaims die elkaar beconcurreren in een land waar ruimte per definitie schaars is. De onzekerheden zijn groot en de toekomstscenario\u2019s lopen ver uiteen.<\/p>\n\n\n\n<p>Wat zeker is: het omgaan met deze claims vraagt om een precair samenspel van belangenafweging, praktische oplossingen en consensusvorming. Daarbij dringt zich een ongemakkelijke vraag op: is dat wat in het verleden werkte \u2013 steeds opnieuw \u2018de schop erin\u2019 \u2013 ook voor de toekomst houdbaar? Wat als we onze overmoed reproduceren? Wat als maakbaarheid niet langer vanzelfsprekend blijkt?<\/p>\n\n\n\n<p>Toen ik deze maakbaarheidsgedachte onderzocht, viel me de overvloed aan toekomstvisies op. \u2018Meer fietspaden\u2019, \u2018meer biologisch\u2019, \u2018meer dijken\u2019, \u2018meer natuur\u2019, \u2018meer veiligheid\u2019. Iedereen die iets vertegenwoordigt, heeft een eigen beeld van een beter Nederland. Deze beelden stapelen zich op, niet alleen als plannen, maar vooral als visuele verbeeldingen.<\/p>\n\n\n\n<p>NL_MIX is ontstaan uit de vraag wat die overvloed aan beelden eigenlijk <em>doet<\/em>. In plaats van nieuwe toekomstbeelden toe te voegen, heb ik bestaande beelden uit beleidsrapporten, visies en toekomststudies losgemaakt uit hun oorspronkelijke context en samengebracht in \u00e9\u00e9n visueel archief. Ze zijn geordend volgens terugkerende categorie\u00ebn \u2014 wonen, werken, recreatie, veiligheid, infrastructuur, energie, natuur, water,  agrarisch \u2014 en samengebracht in de vorm van een kaart van Nederland.<\/p>\n\n\n\n<p>NL_MIX is geen representatie van hoe Nederland zal worden, maar een instrument dat zichtbaar maakt <em>hoe<\/em> de toekomst van Nederland verbeeld en denkbaar wordt gemaakt. Via een speelse interface kan de gebruiker accenten verschuiven: meer van dit, minder van dat. Met \u00e9\u00e9n druk op de knop herschikt het landschap zich. De handeling is eenvoudig, maar de implicatie ongemakkelijk: elke keuze blijft binnen een vooraf gestructureerd kader van maakbaarheid.<\/p>\n\n\n\n<p>In die zin biedt NL_MIX een ultieme vorm van maakbaarheid \u2014 niet omdat het oplossingen aandraagt, maar omdat het de logica van het plannen zelf performt. Het werk nodigt uit tot handelen, maar confronteert de gebruiker tegelijk met de grenzen daarvan.<\/p>\n\n\n\n<div style=\"height:12px\" aria-hidden=\"true\" class=\"wp-block-spacer\"><\/div>\n","protected":false},"excerpt":{"rendered":"<p>Ruimtelijke ordening in Nederland heeft een lange voorgeschiedenis en is diep verankerd in de Nederlandse cultuur. Generatie na generatie ging \u2018de schop erin\u2019: bedijken, pompen, droogleggen, verkavelen, reguleren, bewonen en bewerken. Het onderliggende uitgangspunt was \u2013 en is \u2013 dat het Nederlandse landschap plastisch is: het land kan vanzelfsprekend gemaakt en hermaakt worden. Deze maakbaarheidsgedachte &hellip;<\/p>\n<p class=\"read-more\"> <a class=\"\" href=\"https:\/\/everdienbreken.org\/NL_MIX\/?page_id=8953\"> <span class=\"screen-reader-text\">Mix waarom?<\/span> Read More &raquo;<\/a><\/p>\n","protected":false},"author":1,"featured_media":0,"parent":0,"menu_order":0,"comment_status":"closed","ping_status":"closed","template":"page_nw_about.php","meta":{"site-sidebar-layout":"default","site-content-layout":"default","ast-main-header-display":"","ast-hfb-above-header-display":"","ast-hfb-below-header-display":"","ast-hfb-mobile-header-display":"","site-post-title":"","ast-breadcrumbs-content":"","ast-featured-img":"","footer-sml-layout":"","theme-transparent-header-meta":"","adv-header-id-meta":"","stick-header-meta":"","header-above-stick-meta":"","header-main-stick-meta":"","header-below-stick-meta":"","footnotes":""},"class_list":["post-8953","page","type-page","status-publish","hentry"],"_links":{"self":[{"href":"https:\/\/everdienbreken.org\/NL_MIX\/index.php?rest_route=\/wp\/v2\/pages\/8953","targetHints":{"allow":["GET"]}}],"collection":[{"href":"https:\/\/everdienbreken.org\/NL_MIX\/index.php?rest_route=\/wp\/v2\/pages"}],"about":[{"href":"https:\/\/everdienbreken.org\/NL_MIX\/index.php?rest_route=\/wp\/v2\/types\/page"}],"author":[{"embeddable":true,"href":"https:\/\/everdienbreken.org\/NL_MIX\/index.php?rest_route=\/wp\/v2\/users\/1"}],"replies":[{"embeddable":true,"href":"https:\/\/everdienbreken.org\/NL_MIX\/index.php?rest_route=%2Fwp%2Fv2%2Fcomments&post=8953"}],"version-history":[{"count":41,"href":"https:\/\/everdienbreken.org\/NL_MIX\/index.php?rest_route=\/wp\/v2\/pages\/8953\/revisions"}],"predecessor-version":[{"id":11638,"href":"https:\/\/everdienbreken.org\/NL_MIX\/index.php?rest_route=\/wp\/v2\/pages\/8953\/revisions\/11638"}],"wp:attachment":[{"href":"https:\/\/everdienbreken.org\/NL_MIX\/index.php?rest_route=%2Fwp%2Fv2%2Fmedia&parent=8953"}],"curies":[{"name":"wp","href":"https:\/\/api.w.org\/{rel}","templated":true}]}}